{"id":665,"date":"2018-07-19T00:40:12","date_gmt":"2018-07-18T21:40:12","guid":{"rendered":"http:\/\/hmkdemircelik.com\/iletisim\/"},"modified":"2025-11-07T12:26:21","modified_gmt":"2025-11-07T12:26:21","slug":"kontakt","status":"publish","type":"page","link":"https:\/\/hmkdemircelik.com\/de\/kontakt\/","title":{"rendered":"Kontakt"},"content":{"rendered":"<div class=\"wpb-content-wrapper\"><p>[vc_row full_width=&#8220;stretch_row_content&#8220; css=&#8220;.vc_custom_1582014653708{margin-top: -50px !important;}&#8220;][vc_column][vc_column_text]<iframe loading=\"lazy\" style=\"border: 0;\" src=\"https:\/\/www.google.com\/maps\/embed?pb=!1m18!1m12!1m3!1d3048.122904422448!2d28.916346515388867!3d40.1840781793929!2m3!1f0!2f0!3f0!3m2!1i1024!2i768!4f13.1!3m3!1m2!1s0x0%3A0x0!2zNDDCsDExJzAyLjciTiAyOMKwNTUnMDYuNyJF!5e0!3m2!1str!2str!4v1624893271201!5m2!1str!2str\" width=\"1920\" height=\"450\" allowfullscreen=\"allowfullscreen\"><\/iframe>[\/vc_column_text][\/vc_column][\/vc_row][vc_row][vc_column width=&#8220;1\/2&#8243;][vc_text_separator title=&#8220;ADRESSE&#8220; title_align=&#8220;separator_align_left&#8220;][vc_empty_space height=&#8220;16px&#8220;]<li><div class=\"uavc-list-content\" id=\"list-icon-wrap-7807\">\n<div class=\"uavc-list-icon  \" data-animation=\"\" data-animation-delay=\"03\" style=\"margin-right:px;\"><div class=\"ult-just-icon-wrapper  \"><div class=\"align-icon\" style=\"text-align:center;\">\n<div class=\"aio-icon none \"  style=\"color:#333333;display:inline-block;\">\n\t<i class=\"icomoon-free social-contact-16x16-location\"><\/i>\n<\/div><\/div><\/div>\n<\/div><span  data-ultimate-target='#list-icon-wrap-7807 .uavc-list-desc'  data-responsive-json-new='{\"font-size\":\"\",\"line-height\":\"\"}'  class=\"uavc-list-desc ult-responsive\" style=\"\"><br \/>\nTa\u015fp\u0131nar Mah. Teknosab 1. Cad. No: 7 Karacabey \/ BURSA<br \/>\n<\/span><\/div><\/li><li><div class=\"uavc-list-content\" id=\"list-icon-wrap-8401\">\n<div class=\"uavc-list-icon  \" data-animation=\"\" data-animation-delay=\"03\" style=\"margin-right:px;\"><div class=\"ult-just-icon-wrapper  \"><div class=\"align-icon\" style=\"text-align:center;\">\n<div class=\"aio-icon none \"  style=\"color:#333333;display:inline-block;\">\n\t<i class=\"icomoon-free-social-contact-16x16-phone\"><\/i>\n<\/div><\/div><\/div>\n<\/div><span  data-ultimate-target='#list-icon-wrap-8401 .uavc-list-desc'  data-responsive-json-new='{\"font-size\":\"\",\"line-height\":\"\"}'  class=\"uavc-list-desc ult-responsive\" style=\"\">+90.224.482 46 05<\/span><\/div><\/li><li><div class=\"uavc-list-content\" id=\"list-icon-wrap-4054\">\n<div class=\"uavc-list-icon  \" data-animation=\"\" data-animation-delay=\"03\" style=\"margin-right:px;\"><div class=\"ult-just-icon-wrapper  \"><div class=\"align-icon\" style=\"text-align:center;\">\n<div class=\"aio-icon none \"  style=\"color:#333333;display:inline-block;\">\n\t<i class=\"Defaults-envelope\"><\/i>\n<\/div><\/div><\/div>\n<\/div><span  data-ultimate-target='#list-icon-wrap-4054 .uavc-list-desc'  data-responsive-json-new='{\"font-size\":\"\",\"line-height\":\"\"}'  class=\"uavc-list-desc ult-responsive\" style=\"\"><a href=\"mailto:info@hmkdemircelik.com\">info@hmkdemircelik.com<\/a><\/span><\/div><\/li>[\/ultimate_icon_list][\/vc_column][vc_column width=&#8220;1\/2&#8243;][vc_text_separator title=&#8220;KONTAKTFORMULAR&#8220; title_align=&#8220;separator_align_left&#8220;][vc_empty_space height=&#8220;16px&#8220;]\n<div class=\"wpcf7 no-js\" id=\"wpcf7-f668-o1\" lang=\"tr-TR\" dir=\"ltr\" data-wpcf7-id=\"668\">\n<div class=\"screen-reader-response\"><p role=\"status\" aria-live=\"polite\" aria-atomic=\"true\"><\/p> <ul><\/ul><\/div>\n<form action=\"\/de\/wp-json\/wp\/v2\/pages\/665\/#wpcf7-f668-o1\" method=\"post\" class=\"wpcf7-form init\" aria-label=\"Kontaktformular\" novalidate=\"novalidate\" data-status=\"init\">\n<div style=\"display: none;\">\n<input type=\"hidden\" name=\"_wpcf7\" value=\"668\" \/>\n<input type=\"hidden\" name=\"_wpcf7_version\" value=\"6.0.5\" \/>\n<input type=\"hidden\" name=\"_wpcf7_locale\" value=\"tr_TR\" \/>\n<input type=\"hidden\" name=\"_wpcf7_unit_tag\" value=\"wpcf7-f668-o1\" \/>\n<input type=\"hidden\" name=\"_wpcf7_container_post\" value=\"0\" \/>\n<input type=\"hidden\" name=\"_wpcf7_posted_data_hash\" value=\"\" \/>\n<\/div>\n<p><label> Ihr Name (erforderlich)<br \/>\n<span class=\"wpcf7-form-control-wrap\" data-name=\"your-name\"><input size=\"40\" maxlength=\"400\" class=\"wpcf7-form-control wpcf7-text wpcf7-validates-as-required\" aria-required=\"true\" aria-invalid=\"false\" value=\"\" type=\"text\" name=\"your-name\" \/><\/span> <\/label>\n<\/p>\n<p><label> Ihre E-mail (erforderlich)<br \/>\n<span class=\"wpcf7-form-control-wrap\" data-name=\"your-email\"><input size=\"40\" maxlength=\"400\" class=\"wpcf7-form-control wpcf7-email wpcf7-validates-as-required wpcf7-text wpcf7-validates-as-email\" aria-required=\"true\" aria-invalid=\"false\" value=\"\" type=\"email\" name=\"your-email\" \/><\/span> <\/label>\n<\/p>\n<p><label> Betreff<br \/>\n<span class=\"wpcf7-form-control-wrap\" data-name=\"your-subject\"><input size=\"40\" maxlength=\"400\" class=\"wpcf7-form-control wpcf7-text\" aria-invalid=\"false\" value=\"\" type=\"text\" name=\"your-subject\" \/><\/span> <\/label>\n<\/p>\n<p><label> Deine Nachricht<br \/>\n<span class=\"wpcf7-form-control-wrap\" data-name=\"your-message\"><textarea cols=\"40\" rows=\"10\" maxlength=\"2000\" class=\"wpcf7-form-control wpcf7-textarea\" aria-invalid=\"false\" name=\"your-message\"><\/textarea><\/span> <\/label>\n<\/p>\n<p><input class=\"wpcf7-form-control wpcf7-submit has-spinner\" type=\"submit\" value=\"Senden\" \/>\n<\/p><div class=\"wpcf7-response-output\" aria-hidden=\"true\"><\/div>\n<\/form>\n<\/div>\n[\/vc_column][\/vc_row]<\/p>\n<\/div>","protected":false},"excerpt":{"rendered":"<p>[vc_row full_width=&#8220;stretch_row_content&#8220; css=&#8220;.vc_custom_1582014653708{margin-top: -50px !important;}&#8220;][vc_column][vc_column_text][\/vc_column_text][\/vc_column][\/vc_row][vc_row][vc_column width=&#8220;1\/2&#8243;][vc_text_separator title=&#8220;ADRESSE&#8220; title_align=&#8220;separator_align_left&#8220;][vc_empty_space height=&#8220;16px&#8220;][\/ultimate_icon_list][\/vc_column][vc_column width=&#8220;1\/2&#8243;][vc_text_separator title=&#8220;KONTAKTFORMULAR&#8220; title_align=&#8220;separator_align_left&#8220;][vc_empty_space height=&#8220;16px&#8220;][\/vc_column][\/vc_row]<\/p>\n","protected":false},"author":1,"featured_media":0,"parent":0,"menu_order":0,"comment_status":"closed","ping_status":"closed","template":"","meta":{"footnotes":""},"class_list":["post-665","page","type-page","status-publish","hentry","description-off"],"yoast_head":"<!-- This site is optimized with the Yoast SEO plugin v24.7 - https:\/\/yoast.com\/wordpress\/plugins\/seo\/ -->\n<title>Kontakt - HMK DEM\u0130R \u00c7EL\u0130K<\/title>\n<meta name=\"robots\" content=\"index, follow, max-snippet:-1, max-image-preview:large, max-video-preview:-1\" \/>\n<link rel=\"canonical\" href=\"https:\/\/hmkdemircelik.com\/de\/kontakt\/\" \/>\n<meta property=\"og:locale\" content=\"de_DE\" \/>\n<meta property=\"og:type\" content=\"article\" \/>\n<meta property=\"og:title\" content=\"Kontakt - HMK DEM\u0130R \u00c7EL\u0130K\" \/>\n<meta property=\"og:description\" content=\"[vc_row full_width=&#8220;stretch_row_content&#8220; css=&#8220;.vc_custom_1582014653708{margin-top: -50px !important;}&#8220;][vc_column][vc_column_text][\/vc_column_text][\/vc_column][\/vc_row][vc_row][vc_column width=&#8220;1\/2&#8243;][vc_text_separator title=&#8220;ADRESSE&#8220; title_align=&#8220;separator_align_left&#8220;][vc_empty_space height=&#8220;16px&#8220;][\/ultimate_icon_list][\/vc_column][vc_column width=&#8220;1\/2&#8243;][vc_text_separator title=&#8220;KONTAKTFORMULAR&#8220; title_align=&#8220;separator_align_left&#8220;][vc_empty_space height=&#8220;16px&#8220;][\/vc_column][\/vc_row]\" \/>\n<meta property=\"og:url\" content=\"https:\/\/hmkdemircelik.com\/de\/kontakt\/\" \/>\n<meta property=\"og:site_name\" content=\"HMK DEM\u0130R \u00c7EL\u0130K\" \/>\n<meta property=\"article:modified_time\" content=\"2025-11-07T12:26:21+00:00\" \/>\n<meta name=\"twitter:card\" content=\"summary_large_image\" \/>\n<meta name=\"twitter:label1\" content=\"Gesch\u00e4tzte Lesezeit\" \/>\n\t<meta name=\"twitter:data1\" content=\"1\u00a0Minute\" \/>\n<script type=\"application\/ld+json\" class=\"yoast-schema-graph\">{\"@context\":\"https:\/\/schema.org\",\"@graph\":[{\"@type\":\"WebPage\",\"@id\":\"https:\/\/hmkdemircelik.com\/de\/kontakt\/\",\"url\":\"https:\/\/hmkdemircelik.com\/de\/kontakt\/\",\"name\":\"Kontakt - HMK DEM\u0130R \u00c7EL\u0130K\",\"isPartOf\":{\"@id\":\"https:\/\/hmkdemircelik.com\/#website\"},\"datePublished\":\"2018-07-18T21:40:12+00:00\",\"dateModified\":\"2025-11-07T12:26:21+00:00\",\"breadcrumb\":{\"@id\":\"https:\/\/hmkdemircelik.com\/de\/kontakt\/#breadcrumb\"},\"inLanguage\":\"de\",\"potentialAction\":[{\"@type\":\"ReadAction\",\"target\":[\"https:\/\/hmkdemircelik.com\/de\/kontakt\/\"]}]},{\"@type\":\"BreadcrumbList\",\"@id\":\"https:\/\/hmkdemircelik.com\/de\/kontakt\/#breadcrumb\",\"itemListElement\":[{\"@type\":\"ListItem\",\"position\":1,\"name\":\"Home\",\"item\":\"https:\/\/hmkdemircelik.com\/de\/\"},{\"@type\":\"ListItem\",\"position\":2,\"name\":\"Kontakt\"}]},{\"@type\":\"WebSite\",\"@id\":\"https:\/\/hmkdemircelik.com\/#website\",\"url\":\"https:\/\/hmkdemircelik.com\/\",\"name\":\"HMK DEM\u0130R \u00c7EL\u0130K\",\"description\":\"Just another WordPress site\",\"potentialAction\":[{\"@type\":\"SearchAction\",\"target\":{\"@type\":\"EntryPoint\",\"urlTemplate\":\"https:\/\/hmkdemircelik.com\/?s={search_term_string}\"},\"query-input\":{\"@type\":\"PropertyValueSpecification\",\"valueRequired\":true,\"valueName\":\"search_term_string\"}}],\"inLanguage\":\"de\"}]}<\/script>\n<!-- \/ Yoast SEO plugin. -->","yoast_head_json":{"title":"Kontakt - HMK DEM\u0130R \u00c7EL\u0130K","robots":{"index":"index","follow":"follow","max-snippet":"max-snippet:-1","max-image-preview":"max-image-preview:large","max-video-preview":"max-video-preview:-1"},"canonical":"https:\/\/hmkdemircelik.com\/de\/kontakt\/","og_locale":"de_DE","og_type":"article","og_title":"Kontakt - HMK DEM\u0130R \u00c7EL\u0130K","og_description":"[vc_row full_width=&#8220;stretch_row_content&#8220; css=&#8220;.vc_custom_1582014653708{margin-top: -50px !important;}&#8220;][vc_column][vc_column_text][\/vc_column_text][\/vc_column][\/vc_row][vc_row][vc_column width=&#8220;1\/2&#8243;][vc_text_separator title=&#8220;ADRESSE&#8220; title_align=&#8220;separator_align_left&#8220;][vc_empty_space height=&#8220;16px&#8220;][\/ultimate_icon_list][\/vc_column][vc_column width=&#8220;1\/2&#8243;][vc_text_separator title=&#8220;KONTAKTFORMULAR&#8220; title_align=&#8220;separator_align_left&#8220;][vc_empty_space height=&#8220;16px&#8220;][\/vc_column][\/vc_row]","og_url":"https:\/\/hmkdemircelik.com\/de\/kontakt\/","og_site_name":"HMK DEM\u0130R \u00c7EL\u0130K","article_modified_time":"2025-11-07T12:26:21+00:00","twitter_card":"summary_large_image","twitter_misc":{"Gesch\u00e4tzte Lesezeit":"1\u00a0Minute"},"schema":{"@context":"https:\/\/schema.org","@graph":[{"@type":"WebPage","@id":"https:\/\/hmkdemircelik.com\/de\/kontakt\/","url":"https:\/\/hmkdemircelik.com\/de\/kontakt\/","name":"Kontakt - HMK DEM\u0130R \u00c7EL\u0130K","isPartOf":{"@id":"https:\/\/hmkdemircelik.com\/#website"},"datePublished":"2018-07-18T21:40:12+00:00","dateModified":"2025-11-07T12:26:21+00:00","breadcrumb":{"@id":"https:\/\/hmkdemircelik.com\/de\/kontakt\/#breadcrumb"},"inLanguage":"de","potentialAction":[{"@type":"ReadAction","target":["https:\/\/hmkdemircelik.com\/de\/kontakt\/"]}]},{"@type":"BreadcrumbList","@id":"https:\/\/hmkdemircelik.com\/de\/kontakt\/#breadcrumb","itemListElement":[{"@type":"ListItem","position":1,"name":"Home","item":"https:\/\/hmkdemircelik.com\/de\/"},{"@type":"ListItem","position":2,"name":"Kontakt"}]},{"@type":"WebSite","@id":"https:\/\/hmkdemircelik.com\/#website","url":"https:\/\/hmkdemircelik.com\/","name":"HMK DEM\u0130R \u00c7EL\u0130K","description":"Just another WordPress site","potentialAction":[{"@type":"SearchAction","target":{"@type":"EntryPoint","urlTemplate":"https:\/\/hmkdemircelik.com\/?s={search_term_string}"},"query-input":{"@type":"PropertyValueSpecification","valueRequired":true,"valueName":"search_term_string"}}],"inLanguage":"de"}]}},"_links":{"self":[{"href":"https:\/\/hmkdemircelik.com\/de\/wp-json\/wp\/v2\/pages\/665\/"}],"collection":[{"href":"https:\/\/hmkdemircelik.com\/de\/wp-json\/wp\/v2\/pages\/"}],"about":[{"href":"https:\/\/hmkdemircelik.com\/de\/wp-json\/wp\/v2\/types\/page\/"}],"author":[{"embeddable":true,"href":"https:\/\/hmkdemircelik.com\/de\/wp-json\/wp\/v2\/users\/1\/"}],"replies":[{"embeddable":true,"href":"https:\/\/hmkdemircelik.com\/de\/wp-json\/wp\/v2\/comments\/?post=665"}],"version-history":[{"count":6,"href":"https:\/\/hmkdemircelik.com\/de\/wp-json\/wp\/v2\/pages\/665\/revisions\/"}],"predecessor-version":[{"id":789,"href":"https:\/\/hmkdemircelik.com\/de\/wp-json\/wp\/v2\/pages\/665\/revisions\/789\/"}],"wp:attachment":[{"href":"https:\/\/hmkdemircelik.com\/de\/wp-json\/wp\/v2\/media\/?parent=665"}],"curies":[{"name":"wp","href":"https:\/\/api.w.org\/{rel}","templated":true}]}}