{"id":592,"date":"2016-05-26T11:13:30","date_gmt":"2016-05-26T10:13:30","guid":{"rendered":"http:\/\/hmkdemircelik.com\/home-page\/"},"modified":"2020-03-28T12:24:50","modified_gmt":"2020-03-28T12:24:50","slug":"home-page","status":"publish","type":"page","link":"https:\/\/hmkdemircelik.com\/en\/","title":{"rendered":"Home"},"content":{"rendered":"<div class=\"wpb-content-wrapper\"><p>[vc_row][vc_column width=&#8221;1\/6&#8243;][\/vc_column][vc_column width=&#8221;2\/3&#8243;]<div id=\"ultimate-heading-675269fc53d3a9ca4\" class=\"uvc-heading ult-adjust-bottom-margin ultimate-heading-675269fc53d3a9ca4 uvc-5329  uvc-heading-default-font-sizes\" data-hspacer=\"no_spacer\"  data-halign=\"center\" style=\"text-align:center\"><div class=\"uvc-heading-spacer no_spacer\" style=\"top\"><\/div><div class=\"uvc-main-heading ult-responsive\"  data-ultimate-target='.uvc-heading.ultimate-heading-675269fc53d3a9ca4 h2'  data-responsive-json-new='{\"font-size\":\"\",\"line-height\":\"\"}' ><h2 style=\"font-weight:bold;\">OUR STRENGTH IS YOUR TRUST<\/h2><\/div><div class=\"uvc-sub-heading ult-responsive\"  data-ultimate-target='.uvc-heading.ultimate-heading-675269fc53d3a9ca4 .uvc-sub-heading '  data-responsive-json-new='{\"font-size\":\"desktop:17px;\",\"line-height\":\"desktop:28px;\"}'  style=\"font-weight:normal;color:#72777d;margin-top:10px;margin-bottom:50px;\">HMK Demir \u00c7elik A.\u015e designs innovative and safe products with manufacturing and R&amp;D studies for workplace safety and traffic safety sectors.<\/div><\/div>[\/vc_column][vc_column width=&#8221;1\/6&#8243;][\/vc_column][\/vc_row][vc_row][vc_column width=&#8221;1\/3&#8243;]<div class=\"aio-icon-component    style_1\"><div id=\"Info-box-wrap-4425\" class=\"aio-icon-box left-icon\" style=\"\"  ><div class=\"aio-icon-left\"><div class=\"ult-just-icon-wrapper  \"><div class=\"align-icon\" style=\"text-align:center;\">\n<div class=\"aio-icon advanced \"  style=\"color:#64ca02;background:#ffffff;border-style:;border-color:#333333;border-width:1px;width:50px;height:50px;line-height:50px;border-radius:500px;font-size:32px;display:inline-block;\">\n\t<i class=\"icomoon-free-social-contact-16x16-codepen\"><\/i>\n<\/div><\/div><\/div><\/div><div class=\"aio-ibd-block\"><div class=\"aio-icon-header\" ><h3 class=\"aio-icon-title ult-responsive\"  data-ultimate-target='#Info-box-wrap-4425 .aio-icon-title'  data-responsive-json-new='{\"font-size\":\"desktop:18px;\",\"line-height\":\"desktop:24px;\"}'  style=\"\">Metal Manufacturing<\/h3><\/div> <!-- header --><div class=\"aio-icon-description ult-responsive\"  data-ultimate-target='#Info-box-wrap-4425 .aio-icon-description'  data-responsive-json-new='{\"font-size\":\"\",\"line-height\":\"\"}'  style=\"\">Transport and Stacking Stillage, Shaped special production ( Cutting,Bending,Welded jointing ) Hot Dip Galvanized( EN-1461) and Electro Static Powder Painted products.<\/div> <!-- description --><\/div> <!-- aio-ibd-block --><\/div> <!-- aio-icon-box --><\/div> <!-- aio-icon-component -->[\/vc_column][vc_column width=&#8221;1\/3&#8243;]<div class=\"aio-icon-component    style_1\"><div id=\"Info-box-wrap-2900\" class=\"aio-icon-box left-icon\" style=\"\"  ><div class=\"aio-icon-left\"><div class=\"ult-just-icon-wrapper  \"><div class=\"align-icon\" style=\"text-align:center;\">\n<div class=\"aio-icon advanced \"  style=\"color:#64ca02;background:#ffffff;border-style:;border-color:#333333;border-width:1px;width:50px;height:50px;line-height:50px;border-radius:500px;font-size:32px;display:inline-block;\">\n\t<i class=\"fas fa-solar-panel\"><\/i>\n<\/div><\/div><\/div><\/div><div class=\"aio-ibd-block\"><div class=\"aio-icon-header\" ><h3 class=\"aio-icon-title ult-responsive\"  data-ultimate-target='#Info-box-wrap-2900 .aio-icon-title'  data-responsive-json-new='{\"font-size\":\"desktop:18px;\",\"line-height\":\"desktop:24px;\"}'  style=\"\">Solar Energy System<\/h3><\/div> <!-- header --><div class=\"aio-icon-description ult-responsive\"  data-ultimate-target='#Info-box-wrap-2900 .aio-icon-description'  data-responsive-json-new='{\"font-size\":\"\",\"line-height\":\"\"}'  style=\"\">Solar Energy Systems Steel constructions, Connection equipment, Solar Roof Hooks ( Roof tile ),Roof Top Work Safety Equipment.<\/div> <!-- description --><\/div> <!-- aio-ibd-block --><\/div> <!-- aio-icon-box --><\/div> <!-- aio-icon-component -->[\/vc_column][vc_column width=&#8221;1\/3&#8243;]<div class=\"aio-icon-component    style_1\"><div id=\"Info-box-wrap-8788\" class=\"aio-icon-box left-icon\" style=\"\"  ><div class=\"aio-icon-left\"><div class=\"ult-just-icon-wrapper  \"><div class=\"align-icon\" style=\"text-align:center;\">\n<div class=\"aio-icon advanced \"  style=\"color:#64ca02;background:#ffffff;border-style:;border-color:#333333;border-width:1px;width:50px;height:50px;line-height:50px;border-radius:500px;font-size:32px;display:inline-block;\">\n\t<i class=\"fas fa-road\"><\/i>\n<\/div><\/div><\/div><\/div><div class=\"aio-ibd-block\"><div class=\"aio-icon-header\" ><h3 class=\"aio-icon-title ult-responsive\"  data-ultimate-target='#Info-box-wrap-8788 .aio-icon-title'  data-responsive-json-new='{\"font-size\":\"desktop:18px;\",\"line-height\":\"desktop:24px;\"}'  style=\"\">Traffic Safety<\/h3><\/div> <!-- header --><div class=\"aio-icon-description ult-responsive\"  data-ultimate-target='#Info-box-wrap-8788 .aio-icon-description'  data-responsive-json-new='{\"font-size\":\"\",\"line-height\":\"\"}'  style=\"\">Pedestrian railings, Antivandalism barriers, Guardrail Systems (EN-1317-2) Traffic signs and Sign poles manufacturing and sales.<\/div> <!-- description --><\/div> <!-- aio-ibd-block --><\/div> <!-- aio-icon-box --><\/div> <!-- aio-icon-component -->[\/vc_column][\/vc_row][vc_row bg_type=&#8221;bg_color&#8221; bg_override=&#8221;full&#8221; bg_color_value=&#8221;#efefef&#8221;][vc_column][vc_column_text]<\/p>\n<p style=\"text-align: center;\">If you would like to talk to us about your specific needs or requirements HMK Demir \u00c7elik can work with you on the design and production of custom signage.<\/p>\n<p style=\"text-align: center;\">Contact us via email or phone to discuss.<\/p>\n<p>[\/vc_column_text][\/vc_column][\/vc_row][vc_row bg_type=&#8221;bg_color&#8221; bg_override=&#8221;ex-full&#8221; type=&#8221;vc_default&#8221; bg_color_value=&#8221;#0d4364&#8243; el_class=&#8221;custom_form&#8221;][vc_column css=&#8221;.vc_custom_1474203802731{padding-top: 40px !important;padding-bottom: 40px !important;}&#8221;]<div id=\"ultimate-heading-948669fc53d3a9f1c\" class=\"uvc-heading ult-adjust-bottom-margin ultimate-heading-948669fc53d3a9f1c uvc-6545  uvc-heading-default-font-sizes\" data-hspacer=\"no_spacer\"  data-halign=\"center\" style=\"text-align:center\"><div class=\"uvc-heading-spacer no_spacer\" style=\"top\"><\/div><div class=\"uvc-sub-heading ult-responsive\"  data-ultimate-target='.uvc-heading.ultimate-heading-948669fc53d3a9f1c .uvc-sub-heading '  data-responsive-json-new='{\"font-size\":\"desktop:28px;\",\"line-height\":\"desktop:34px;\"}'  style=\"font-family:&#039;Open Sans&#039;;font-weight:300;color:#ffffff;\">If you need help, you can call us 24\/7\u00a0<i class=\"fa fa-fw fa-phone-square\" style=\"color: #ffffff;\"><\/i><strong>+90 224 441 19 63<\/strong><\/div><\/div>[\/vc_column][\/vc_row]<\/p>\n<\/div>","protected":false},"excerpt":{"rendered":"<p>[vc_row][vc_column width=&#8221;1\/6&#8243;][\/vc_column][vc_column width=&#8221;2\/3&#8243;][\/vc_column][vc_column width=&#8221;1\/6&#8243;][\/vc_column][\/vc_row][vc_row][vc_column width=&#8221;1\/3&#8243;][\/vc_column][vc_column width=&#8221;1\/3&#8243;][\/vc_column][vc_column width=&#8221;1\/3&#8243;][\/vc_column][\/vc_row][vc_row bg_type=&#8221;bg_color&#8221; bg_override=&#8221;full&#8221; bg_color_value=&#8221;#efefef&#8221;][vc_column][vc_column_text] If you would like to talk to us about your specific needs or requirements HMK Demir \u00c7elik can work with you on the design and production of custom signage. Contact us via email or phone to discuss. [\/vc_column_text][\/vc_column][\/vc_row][vc_row bg_type=&#8221;bg_color&#8221; bg_override=&#8221;ex-full&#8221; type=&#8221;vc_default&#8221; bg_color_value=&#8221;#0d4364&#8243; el_class=&#8221;custom_form&#8221;][vc_column css=&#8221;.vc_custom_1474203802731{padding-top: 40px&hellip;<\/p>\n","protected":false},"author":1,"featured_media":0,"parent":0,"menu_order":0,"comment_status":"closed","ping_status":"closed","template":"template-microsite.php","meta":{"footnotes":""},"class_list":["post-592","page","type-page","status-publish","hentry","description-off"],"yoast_head":"<!-- This site is optimized with the Yoast SEO plugin v24.7 - https:\/\/yoast.com\/wordpress\/plugins\/seo\/ -->\n<title>Home - HMK DEM\u0130R \u00c7EL\u0130K<\/title>\n<meta name=\"robots\" content=\"index, follow, max-snippet:-1, max-image-preview:large, max-video-preview:-1\" \/>\n<link rel=\"canonical\" href=\"https:\/\/hmkdemircelik.com\/en\/\" \/>\n<meta property=\"og:locale\" content=\"en_US\" \/>\n<meta property=\"og:type\" content=\"article\" \/>\n<meta property=\"og:title\" content=\"Home - HMK DEM\u0130R \u00c7EL\u0130K\" \/>\n<meta property=\"og:description\" content=\"[vc_row][vc_column width=&#8221;1\/6&#8243;][\/vc_column][vc_column width=&#8221;2\/3&#8243;][\/vc_column][vc_column width=&#8221;1\/6&#8243;][\/vc_column][\/vc_row][vc_row][vc_column width=&#8221;1\/3&#8243;][\/vc_column][vc_column width=&#8221;1\/3&#8243;][\/vc_column][vc_column width=&#8221;1\/3&#8243;][\/vc_column][\/vc_row][vc_row bg_type=&#8221;bg_color&#8221; bg_override=&#8221;full&#8221; bg_color_value=&#8221;#efefef&#8221;][vc_column][vc_column_text] If you would like to talk to us about your specific needs or requirements HMK Demir \u00c7elik can work with you on the design and production of custom signage. Contact us via email or phone to discuss. [\/vc_column_text][\/vc_column][\/vc_row][vc_row bg_type=&#8221;bg_color&#8221; bg_override=&#8221;ex-full&#8221; type=&#8221;vc_default&#8221; bg_color_value=&#8221;#0d4364&#8243; el_class=&#8221;custom_form&#8221;][vc_column css=&#8221;.vc_custom_1474203802731{padding-top: 40px&hellip;\" \/>\n<meta property=\"og:url\" content=\"https:\/\/hmkdemircelik.com\/en\/\" \/>\n<meta property=\"og:site_name\" content=\"HMK DEM\u0130R \u00c7EL\u0130K\" \/>\n<meta property=\"article:modified_time\" content=\"2020-03-28T12:24:50+00:00\" \/>\n<meta name=\"twitter:card\" content=\"summary_large_image\" \/>\n<meta name=\"twitter:label1\" content=\"Est. reading time\" \/>\n\t<meta name=\"twitter:data1\" content=\"2 minutes\" \/>\n<script type=\"application\/ld+json\" class=\"yoast-schema-graph\">{\"@context\":\"https:\/\/schema.org\",\"@graph\":[{\"@type\":\"WebPage\",\"@id\":\"https:\/\/hmkdemircelik.com\/en\/\",\"url\":\"https:\/\/hmkdemircelik.com\/en\/\",\"name\":\"Home - HMK DEM\u0130R \u00c7EL\u0130K\",\"isPartOf\":{\"@id\":\"https:\/\/hmkdemircelik.com\/#website\"},\"datePublished\":\"2016-05-26T10:13:30+00:00\",\"dateModified\":\"2020-03-28T12:24:50+00:00\",\"breadcrumb\":{\"@id\":\"https:\/\/hmkdemircelik.com\/en\/#breadcrumb\"},\"inLanguage\":\"en-US\",\"potentialAction\":[{\"@type\":\"ReadAction\",\"target\":[\"https:\/\/hmkdemircelik.com\/en\/\"]}]},{\"@type\":\"BreadcrumbList\",\"@id\":\"https:\/\/hmkdemircelik.com\/en\/#breadcrumb\",\"itemListElement\":[{\"@type\":\"ListItem\",\"position\":1,\"name\":\"Home\",\"item\":\"https:\/\/hmkdemircelik.com\/en\/\"},{\"@type\":\"ListItem\",\"position\":2,\"name\":\"Home\"}]},{\"@type\":\"WebSite\",\"@id\":\"https:\/\/hmkdemircelik.com\/#website\",\"url\":\"https:\/\/hmkdemircelik.com\/\",\"name\":\"HMK DEM\u0130R \u00c7EL\u0130K\",\"description\":\"Just another WordPress site\",\"potentialAction\":[{\"@type\":\"SearchAction\",\"target\":{\"@type\":\"EntryPoint\",\"urlTemplate\":\"https:\/\/hmkdemircelik.com\/?s={search_term_string}\"},\"query-input\":{\"@type\":\"PropertyValueSpecification\",\"valueRequired\":true,\"valueName\":\"search_term_string\"}}],\"inLanguage\":\"en-US\"}]}<\/script>\n<!-- \/ Yoast SEO plugin. -->","yoast_head_json":{"title":"Home - HMK DEM\u0130R \u00c7EL\u0130K","robots":{"index":"index","follow":"follow","max-snippet":"max-snippet:-1","max-image-preview":"max-image-preview:large","max-video-preview":"max-video-preview:-1"},"canonical":"https:\/\/hmkdemircelik.com\/en\/","og_locale":"en_US","og_type":"article","og_title":"Home - HMK DEM\u0130R \u00c7EL\u0130K","og_description":"[vc_row][vc_column width=&#8221;1\/6&#8243;][\/vc_column][vc_column width=&#8221;2\/3&#8243;][\/vc_column][vc_column width=&#8221;1\/6&#8243;][\/vc_column][\/vc_row][vc_row][vc_column width=&#8221;1\/3&#8243;][\/vc_column][vc_column width=&#8221;1\/3&#8243;][\/vc_column][vc_column width=&#8221;1\/3&#8243;][\/vc_column][\/vc_row][vc_row bg_type=&#8221;bg_color&#8221; bg_override=&#8221;full&#8221; bg_color_value=&#8221;#efefef&#8221;][vc_column][vc_column_text] If you would like to talk to us about your specific needs or requirements HMK Demir \u00c7elik can work with you on the design and production of custom signage. Contact us via email or phone to discuss. [\/vc_column_text][\/vc_column][\/vc_row][vc_row bg_type=&#8221;bg_color&#8221; bg_override=&#8221;ex-full&#8221; type=&#8221;vc_default&#8221; bg_color_value=&#8221;#0d4364&#8243; el_class=&#8221;custom_form&#8221;][vc_column css=&#8221;.vc_custom_1474203802731{padding-top: 40px&hellip;","og_url":"https:\/\/hmkdemircelik.com\/en\/","og_site_name":"HMK DEM\u0130R \u00c7EL\u0130K","article_modified_time":"2020-03-28T12:24:50+00:00","twitter_card":"summary_large_image","twitter_misc":{"Est. reading time":"2 minutes"},"schema":{"@context":"https:\/\/schema.org","@graph":[{"@type":"WebPage","@id":"https:\/\/hmkdemircelik.com\/en\/","url":"https:\/\/hmkdemircelik.com\/en\/","name":"Home - HMK DEM\u0130R \u00c7EL\u0130K","isPartOf":{"@id":"https:\/\/hmkdemircelik.com\/#website"},"datePublished":"2016-05-26T10:13:30+00:00","dateModified":"2020-03-28T12:24:50+00:00","breadcrumb":{"@id":"https:\/\/hmkdemircelik.com\/en\/#breadcrumb"},"inLanguage":"en-US","potentialAction":[{"@type":"ReadAction","target":["https:\/\/hmkdemircelik.com\/en\/"]}]},{"@type":"BreadcrumbList","@id":"https:\/\/hmkdemircelik.com\/en\/#breadcrumb","itemListElement":[{"@type":"ListItem","position":1,"name":"Home","item":"https:\/\/hmkdemircelik.com\/en\/"},{"@type":"ListItem","position":2,"name":"Home"}]},{"@type":"WebSite","@id":"https:\/\/hmkdemircelik.com\/#website","url":"https:\/\/hmkdemircelik.com\/","name":"HMK DEM\u0130R \u00c7EL\u0130K","description":"Just another WordPress site","potentialAction":[{"@type":"SearchAction","target":{"@type":"EntryPoint","urlTemplate":"https:\/\/hmkdemircelik.com\/?s={search_term_string}"},"query-input":{"@type":"PropertyValueSpecification","valueRequired":true,"valueName":"search_term_string"}}],"inLanguage":"en-US"}]}},"_links":{"self":[{"href":"https:\/\/hmkdemircelik.com\/en\/wp-json\/wp\/v2\/pages\/592\/"}],"collection":[{"href":"https:\/\/hmkdemircelik.com\/en\/wp-json\/wp\/v2\/pages\/"}],"about":[{"href":"https:\/\/hmkdemircelik.com\/en\/wp-json\/wp\/v2\/types\/page\/"}],"author":[{"embeddable":true,"href":"https:\/\/hmkdemircelik.com\/en\/wp-json\/wp\/v2\/users\/1\/"}],"replies":[{"embeddable":true,"href":"https:\/\/hmkdemircelik.com\/en\/wp-json\/wp\/v2\/comments\/?post=592"}],"version-history":[{"count":4,"href":"https:\/\/hmkdemircelik.com\/en\/wp-json\/wp\/v2\/pages\/592\/revisions\/"}],"predecessor-version":[{"id":630,"href":"https:\/\/hmkdemircelik.com\/en\/wp-json\/wp\/v2\/pages\/592\/revisions\/630\/"}],"wp:attachment":[{"href":"https:\/\/hmkdemircelik.com\/en\/wp-json\/wp\/v2\/media\/?parent=592"}],"curies":[{"name":"wp","href":"https:\/\/api.w.org\/{rel}","templated":true}]}}