{"id":670,"date":"2018-07-19T00:40:12","date_gmt":"2018-07-18T21:40:12","guid":{"rendered":"http:\/\/hmkdemircelik.com\/kontakt\/"},"modified":"2025-11-07T12:26:45","modified_gmt":"2025-11-07T12:26:45","slug":"communication","status":"publish","type":"page","link":"https:\/\/hmkdemircelik.com\/fr\/communication\/","title":{"rendered":"Communication"},"content":{"rendered":"<div class=\"wpb-content-wrapper\"><p>[vc_row full_width=\u00a0\u00bbstretch_row_content\u00a0\u00bb css=\u00a0\u00bb.vc_custom_1582014653708{margin-top: -50px !important;}\u00a0\u00bb][vc_column][vc_column_text]<iframe loading=\"lazy\" style=\"border: 0;\" src=\"https:\/\/www.google.com\/maps\/embed?pb=!1m18!1m12!1m3!1d3048.122904422448!2d28.916346515388867!3d40.1840781793929!2m3!1f0!2f0!3f0!3m2!1i1024!2i768!4f13.1!3m3!1m2!1s0x0%3A0x0!2zNDDCsDExJzAyLjciTiAyOMKwNTUnMDYuNyJF!5e0!3m2!1str!2str!4v1624893271201!5m2!1str!2str\" width=\"1920\" height=\"450\" allowfullscreen=\"allowfullscreen\"><\/iframe>[\/vc_column_text][\/vc_column][\/vc_row][vc_row][vc_column width=\u00a0\u00bb1\/2&Prime;][vc_text_separator title=\u00a0\u00bbADRESSE\u00a0\u00bb title_align=\u00a0\u00bbseparator_align_left\u00a0\u00bb][vc_empty_space height=\u00a0\u00bb16px\u00a0\u00bb]<div class=\"uavc-list-icon uavc-list-icon-wrapper ult-adjust-bottom-margin   \"><ul class=\"uavc-list\"><li><div class=\"uavc-list-content\" id=\"list-icon-wrap-5018\">\n<div class=\"uavc-list-icon  \" data-animation=\"\" data-animation-delay=\"03\" style=\"margin-right:7px;\"><div class=\"ult-just-icon-wrapper  \"><div class=\"align-icon\" style=\"text-align:center;\">\n<div class=\"aio-icon none \"  style=\"color:#333333;font-size:22px;display:inline-block;\">\n\t<i class=\"icomoon-free social-contact-16x16-location\"><\/i>\n<\/div><\/div><\/div>\n<\/div><span  data-ultimate-target='#list-icon-wrap-5018 .uavc-list-desc'  data-responsive-json-new='{\"font-size\":\"\",\"line-height\":\"\"}'  class=\"uavc-list-desc ult-responsive\" style=\"\"><br \/>\nTa\u015fp\u0131nar Mah. Teknosab 1. Cad. No: 7 Karacabey \/ BURSA<br \/>\n<\/span><\/div><\/li><li><div class=\"uavc-list-content\" id=\"list-icon-wrap-7033\">\n<div class=\"uavc-list-icon  \" data-animation=\"\" data-animation-delay=\"03\" style=\"margin-right:7px;\"><div class=\"ult-just-icon-wrapper  \"><div class=\"align-icon\" style=\"text-align:center;\">\n<div class=\"aio-icon none \"  style=\"color:#333333;font-size:22px;display:inline-block;\">\n\t<i class=\"icomoon-free-social-contact-16x16-phone\"><\/i>\n<\/div><\/div><\/div>\n<\/div><span  data-ultimate-target='#list-icon-wrap-7033 .uavc-list-desc'  data-responsive-json-new='{\"font-size\":\"\",\"line-height\":\"\"}'  class=\"uavc-list-desc ult-responsive\" style=\"\">+90.224.482 46 05<\/span><\/div><\/li><li><div class=\"uavc-list-content\" id=\"list-icon-wrap-6763\">\n<div class=\"uavc-list-icon  \" data-animation=\"\" data-animation-delay=\"03\" style=\"margin-right:7px;\"><div class=\"ult-just-icon-wrapper  \"><div class=\"align-icon\" style=\"text-align:center;\">\n<div class=\"aio-icon none \"  style=\"color:#333333;font-size:22px;display:inline-block;\">\n\t<i class=\"Defaults-envelope\"><\/i>\n<\/div><\/div><\/div>\n<\/div><span  data-ultimate-target='#list-icon-wrap-6763 .uavc-list-desc'  data-responsive-json-new='{\"font-size\":\"\",\"line-height\":\"\"}'  class=\"uavc-list-desc ult-responsive\" style=\"\"><a href=\"mailto:info@hmkdemircelik.com\">info@hmkdemircelik.com<\/a><\/span><\/div><\/li><\/ul><\/div>[\/vc_column][vc_column width=\u00a0\u00bb1\/2&Prime;][vc_text_separator title=\u00a0\u00bbFORMULAIRE DE CONTACT\u00a0\u00bb title_align=\u00a0\u00bbseparator_align_left\u00a0\u00bb][vc_empty_space height=\u00a0\u00bb16px\u00a0\u00bb]\n<div class=\"wpcf7 no-js\" id=\"wpcf7-f673-o1\" lang=\"tr-TR\" dir=\"ltr\" data-wpcf7-id=\"673\">\n<div class=\"screen-reader-response\"><p role=\"status\" aria-live=\"polite\" aria-atomic=\"true\"><\/p> <ul><\/ul><\/div>\n<form action=\"\/fr\/wp-json\/wp\/v2\/pages\/670\/#wpcf7-f673-o1\" method=\"post\" class=\"wpcf7-form init\" aria-label=\"Formulaire de contact\" novalidate=\"novalidate\" data-status=\"init\">\n<div style=\"display: none;\">\n<input type=\"hidden\" name=\"_wpcf7\" value=\"673\" \/>\n<input type=\"hidden\" name=\"_wpcf7_version\" value=\"6.0.5\" \/>\n<input type=\"hidden\" name=\"_wpcf7_locale\" value=\"tr_TR\" \/>\n<input type=\"hidden\" name=\"_wpcf7_unit_tag\" value=\"wpcf7-f673-o1\" \/>\n<input type=\"hidden\" name=\"_wpcf7_container_post\" value=\"0\" \/>\n<input type=\"hidden\" name=\"_wpcf7_posted_data_hash\" value=\"\" \/>\n<\/div>\n<p><label> Votre Nom (requis)<br \/>\n<span class=\"wpcf7-form-control-wrap\" data-name=\"your-name\"><input size=\"40\" maxlength=\"400\" class=\"wpcf7-form-control wpcf7-text wpcf7-validates-as-required\" aria-required=\"true\" aria-invalid=\"false\" value=\"\" type=\"text\" name=\"your-name\" \/><\/span> <\/label>\n<\/p>\n<p><label> Votre E-mail (requis)<br \/>\n<span class=\"wpcf7-form-control-wrap\" data-name=\"your-email\"><input size=\"40\" maxlength=\"400\" class=\"wpcf7-form-control wpcf7-email wpcf7-validates-as-required wpcf7-text wpcf7-validates-as-email\" aria-required=\"true\" aria-invalid=\"false\" value=\"\" type=\"email\" name=\"your-email\" \/><\/span> <\/label>\n<\/p>\n<p><label> Matiere<br \/>\n<span class=\"wpcf7-form-control-wrap\" data-name=\"your-subject\"><input size=\"40\" maxlength=\"400\" class=\"wpcf7-form-control wpcf7-text\" aria-invalid=\"false\" value=\"\" type=\"text\" name=\"your-subject\" \/><\/span> <\/label>\n<\/p>\n<p><label> Votre Message<br \/>\n<span class=\"wpcf7-form-control-wrap\" data-name=\"your-message\"><textarea cols=\"40\" rows=\"10\" maxlength=\"2000\" class=\"wpcf7-form-control wpcf7-textarea\" aria-invalid=\"false\" name=\"your-message\"><\/textarea><\/span> <\/label>\n<\/p>\n<p><input class=\"wpcf7-form-control wpcf7-submit has-spinner\" type=\"submit\" value=\"Envoyer\" \/>\n<\/p><div class=\"wpcf7-response-output\" aria-hidden=\"true\"><\/div>\n<\/form>\n<\/div>\n[\/vc_column][\/vc_row]<\/p>\n<\/div>","protected":false},"excerpt":{"rendered":"<p>[vc_row full_width=\u00a0\u00bbstretch_row_content\u00a0\u00bb css=\u00a0\u00bb.vc_custom_1582014653708{margin-top: -50px !important;}\u00a0\u00bb][vc_column][vc_column_text][\/vc_column_text][\/vc_column][\/vc_row][vc_row][vc_column width=\u00a0\u00bb1\/2&Prime;][vc_text_separator title=\u00a0\u00bbADRESSE\u00a0\u00bb title_align=\u00a0\u00bbseparator_align_left\u00a0\u00bb][vc_empty_space height=\u00a0\u00bb16px\u00a0\u00bb][\/vc_column][vc_column width=\u00a0\u00bb1\/2&Prime;][vc_text_separator title=\u00a0\u00bbFORMULAIRE DE CONTACT\u00a0\u00bb title_align=\u00a0\u00bbseparator_align_left\u00a0\u00bb][vc_empty_space height=\u00a0\u00bb16px\u00a0\u00bb][\/vc_column][\/vc_row]<\/p>\n","protected":false},"author":1,"featured_media":0,"parent":0,"menu_order":0,"comment_status":"closed","ping_status":"closed","template":"","meta":{"footnotes":""},"class_list":["post-670","page","type-page","status-publish","hentry","description-off"],"yoast_head":"<!-- This site is optimized with the Yoast SEO plugin v24.7 - https:\/\/yoast.com\/wordpress\/plugins\/seo\/ -->\n<title>Communication - HMK DEM\u0130R \u00c7EL\u0130K<\/title>\n<meta name=\"robots\" content=\"index, follow, max-snippet:-1, max-image-preview:large, max-video-preview:-1\" \/>\n<link rel=\"canonical\" href=\"https:\/\/hmkdemircelik.com\/fr\/communication\/\" \/>\n<meta property=\"og:locale\" content=\"fr_FR\" \/>\n<meta property=\"og:type\" content=\"article\" \/>\n<meta property=\"og:title\" content=\"Communication - HMK DEM\u0130R \u00c7EL\u0130K\" \/>\n<meta property=\"og:description\" content=\"[vc_row full_width=\u00a0\u00bbstretch_row_content\u00a0\u00bb css=\u00a0\u00bb.vc_custom_1582014653708{margin-top: -50px !important;}\u00a0\u00bb][vc_column][vc_column_text][\/vc_column_text][\/vc_column][\/vc_row][vc_row][vc_column width=\u00a0\u00bb1\/2&Prime;][vc_text_separator title=\u00a0\u00bbADRESSE\u00a0\u00bb title_align=\u00a0\u00bbseparator_align_left\u00a0\u00bb][vc_empty_space height=\u00a0\u00bb16px\u00a0\u00bb][\/vc_column][vc_column width=\u00a0\u00bb1\/2&Prime;][vc_text_separator title=\u00a0\u00bbFORMULAIRE DE CONTACT\u00a0\u00bb title_align=\u00a0\u00bbseparator_align_left\u00a0\u00bb][vc_empty_space height=\u00a0\u00bb16px\u00a0\u00bb][\/vc_column][\/vc_row]\" \/>\n<meta property=\"og:url\" content=\"https:\/\/hmkdemircelik.com\/fr\/communication\/\" \/>\n<meta property=\"og:site_name\" content=\"HMK DEM\u0130R \u00c7EL\u0130K\" \/>\n<meta property=\"article:modified_time\" content=\"2025-11-07T12:26:45+00:00\" \/>\n<meta name=\"twitter:card\" content=\"summary_large_image\" \/>\n<meta name=\"twitter:label1\" content=\"Dur\u00e9e de lecture estim\u00e9e\" \/>\n\t<meta name=\"twitter:data1\" content=\"1 minute\" \/>\n<script type=\"application\/ld+json\" class=\"yoast-schema-graph\">{\"@context\":\"https:\/\/schema.org\",\"@graph\":[{\"@type\":\"WebPage\",\"@id\":\"https:\/\/hmkdemircelik.com\/fr\/communication\/\",\"url\":\"https:\/\/hmkdemircelik.com\/fr\/communication\/\",\"name\":\"Communication - HMK DEM\u0130R \u00c7EL\u0130K\",\"isPartOf\":{\"@id\":\"https:\/\/hmkdemircelik.com\/#website\"},\"datePublished\":\"2018-07-18T21:40:12+00:00\",\"dateModified\":\"2025-11-07T12:26:45+00:00\",\"breadcrumb\":{\"@id\":\"https:\/\/hmkdemircelik.com\/fr\/communication\/#breadcrumb\"},\"inLanguage\":\"fr-FR\",\"potentialAction\":[{\"@type\":\"ReadAction\",\"target\":[\"https:\/\/hmkdemircelik.com\/fr\/communication\/\"]}]},{\"@type\":\"BreadcrumbList\",\"@id\":\"https:\/\/hmkdemircelik.com\/fr\/communication\/#breadcrumb\",\"itemListElement\":[{\"@type\":\"ListItem\",\"position\":1,\"name\":\"Home\",\"item\":\"https:\/\/hmkdemircelik.com\/fr\/\"},{\"@type\":\"ListItem\",\"position\":2,\"name\":\"Communication\"}]},{\"@type\":\"WebSite\",\"@id\":\"https:\/\/hmkdemircelik.com\/#website\",\"url\":\"https:\/\/hmkdemircelik.com\/\",\"name\":\"HMK DEM\u0130R \u00c7EL\u0130K\",\"description\":\"Just another WordPress site\",\"potentialAction\":[{\"@type\":\"SearchAction\",\"target\":{\"@type\":\"EntryPoint\",\"urlTemplate\":\"https:\/\/hmkdemircelik.com\/?s={search_term_string}\"},\"query-input\":{\"@type\":\"PropertyValueSpecification\",\"valueRequired\":true,\"valueName\":\"search_term_string\"}}],\"inLanguage\":\"fr-FR\"}]}<\/script>\n<!-- \/ Yoast SEO plugin. -->","yoast_head_json":{"title":"Communication - HMK DEM\u0130R \u00c7EL\u0130K","robots":{"index":"index","follow":"follow","max-snippet":"max-snippet:-1","max-image-preview":"max-image-preview:large","max-video-preview":"max-video-preview:-1"},"canonical":"https:\/\/hmkdemircelik.com\/fr\/communication\/","og_locale":"fr_FR","og_type":"article","og_title":"Communication - HMK DEM\u0130R \u00c7EL\u0130K","og_description":"[vc_row full_width=\u00a0\u00bbstretch_row_content\u00a0\u00bb css=\u00a0\u00bb.vc_custom_1582014653708{margin-top: -50px !important;}\u00a0\u00bb][vc_column][vc_column_text][\/vc_column_text][\/vc_column][\/vc_row][vc_row][vc_column width=\u00a0\u00bb1\/2&Prime;][vc_text_separator title=\u00a0\u00bbADRESSE\u00a0\u00bb title_align=\u00a0\u00bbseparator_align_left\u00a0\u00bb][vc_empty_space height=\u00a0\u00bb16px\u00a0\u00bb][\/vc_column][vc_column width=\u00a0\u00bb1\/2&Prime;][vc_text_separator title=\u00a0\u00bbFORMULAIRE DE CONTACT\u00a0\u00bb title_align=\u00a0\u00bbseparator_align_left\u00a0\u00bb][vc_empty_space height=\u00a0\u00bb16px\u00a0\u00bb][\/vc_column][\/vc_row]","og_url":"https:\/\/hmkdemircelik.com\/fr\/communication\/","og_site_name":"HMK DEM\u0130R \u00c7EL\u0130K","article_modified_time":"2025-11-07T12:26:45+00:00","twitter_card":"summary_large_image","twitter_misc":{"Dur\u00e9e de lecture estim\u00e9e":"1 minute"},"schema":{"@context":"https:\/\/schema.org","@graph":[{"@type":"WebPage","@id":"https:\/\/hmkdemircelik.com\/fr\/communication\/","url":"https:\/\/hmkdemircelik.com\/fr\/communication\/","name":"Communication - HMK DEM\u0130R \u00c7EL\u0130K","isPartOf":{"@id":"https:\/\/hmkdemircelik.com\/#website"},"datePublished":"2018-07-18T21:40:12+00:00","dateModified":"2025-11-07T12:26:45+00:00","breadcrumb":{"@id":"https:\/\/hmkdemircelik.com\/fr\/communication\/#breadcrumb"},"inLanguage":"fr-FR","potentialAction":[{"@type":"ReadAction","target":["https:\/\/hmkdemircelik.com\/fr\/communication\/"]}]},{"@type":"BreadcrumbList","@id":"https:\/\/hmkdemircelik.com\/fr\/communication\/#breadcrumb","itemListElement":[{"@type":"ListItem","position":1,"name":"Home","item":"https:\/\/hmkdemircelik.com\/fr\/"},{"@type":"ListItem","position":2,"name":"Communication"}]},{"@type":"WebSite","@id":"https:\/\/hmkdemircelik.com\/#website","url":"https:\/\/hmkdemircelik.com\/","name":"HMK DEM\u0130R \u00c7EL\u0130K","description":"Just another WordPress site","potentialAction":[{"@type":"SearchAction","target":{"@type":"EntryPoint","urlTemplate":"https:\/\/hmkdemircelik.com\/?s={search_term_string}"},"query-input":{"@type":"PropertyValueSpecification","valueRequired":true,"valueName":"search_term_string"}}],"inLanguage":"fr-FR"}]}},"_links":{"self":[{"href":"https:\/\/hmkdemircelik.com\/fr\/wp-json\/wp\/v2\/pages\/670\/"}],"collection":[{"href":"https:\/\/hmkdemircelik.com\/fr\/wp-json\/wp\/v2\/pages\/"}],"about":[{"href":"https:\/\/hmkdemircelik.com\/fr\/wp-json\/wp\/v2\/types\/page\/"}],"author":[{"embeddable":true,"href":"https:\/\/hmkdemircelik.com\/fr\/wp-json\/wp\/v2\/users\/1\/"}],"replies":[{"embeddable":true,"href":"https:\/\/hmkdemircelik.com\/fr\/wp-json\/wp\/v2\/comments\/?post=670"}],"version-history":[{"count":6,"href":"https:\/\/hmkdemircelik.com\/fr\/wp-json\/wp\/v2\/pages\/670\/revisions\/"}],"predecessor-version":[{"id":790,"href":"https:\/\/hmkdemircelik.com\/fr\/wp-json\/wp\/v2\/pages\/670\/revisions\/790\/"}],"wp:attachment":[{"href":"https:\/\/hmkdemircelik.com\/fr\/wp-json\/wp\/v2\/media\/?parent=670"}],"curies":[{"name":"wp","href":"https:\/\/api.w.org\/{rel}","templated":true}]}}