{"id":675,"date":"2016-05-26T11:13:30","date_gmt":"2016-05-26T10:13:30","guid":{"rendered":"http:\/\/hmkdemircelik.com\/home-page\/"},"modified":"2020-04-29T14:35:18","modified_gmt":"2020-04-29T14:35:18","slug":"home-page","status":"publish","type":"page","link":"https:\/\/hmkdemircelik.com\/fr\/","title":{"rendered":"Maison"},"content":{"rendered":"<div class=\"wpb-content-wrapper\"><p>[vc_row][vc_column width=\u00a0\u00bb1\/6&Prime;][\/vc_column][vc_column width=\u00a0\u00bb2\/3&Prime;]<div id=\"ultimate-heading-735469edfd97b03e0\" class=\"uvc-heading ult-adjust-bottom-margin ultimate-heading-735469edfd97b03e0 uvc-9761  uvc-heading-default-font-sizes\" data-hspacer=\"no_spacer\"  data-halign=\"center\" style=\"text-align:center\"><div class=\"uvc-heading-spacer no_spacer\" style=\"top\"><\/div><div class=\"uvc-main-heading ult-responsive\"  data-ultimate-target='.uvc-heading.ultimate-heading-735469edfd97b03e0 h2'  data-responsive-json-new='{\"font-size\":\"\",\"line-height\":\"\"}' ><h2 style=\"font-weight:bold;\">NOTRE FORCE , VOTRE CONFIANCE<\/h2><\/div><div class=\"uvc-sub-heading ult-responsive\"  data-ultimate-target='.uvc-heading.ultimate-heading-735469edfd97b03e0 .uvc-sub-heading '  data-responsive-json-new='{\"font-size\":\"desktop:17px;\",\"line-height\":\"desktop:28px;\"}'  style=\"font-weight:normal;color:#72777d;margin-top:10px;margin-bottom:50px;\">HMK Demir \u00c7elik A.\u015e. con\u00e7oit des produits innovants et s\u00fcrs avec des etudes de fabrication et de R&amp;D pour les secteurs de la securite au travail et de la securite routiere. <\/div><\/div>[\/vc_column][vc_column width=\u00a0\u00bb1\/6&Prime;][\/vc_column][\/vc_row][vc_row][vc_column width=\u00a0\u00bb1\/3&Prime;]<div class=\"aio-icon-component    style_1\"><div id=\"Info-box-wrap-5818\" class=\"aio-icon-box left-icon\" style=\"\"  ><div class=\"aio-icon-left\"><div class=\"ult-just-icon-wrapper  \"><div class=\"align-icon\" style=\"text-align:center;\">\n<div class=\"aio-icon advanced \"  style=\"color:#64ca02;background:#ffffff;border-style:;border-color:#333333;border-width:1px;width:50px;height:50px;line-height:50px;border-radius:500px;font-size:32px;display:inline-block;\">\n\t<i class=\"icomoon-free-social-contact-16x16-codepen\"><\/i>\n<\/div><\/div><\/div><\/div><div class=\"aio-ibd-block\"><div class=\"aio-icon-header\" ><h3 class=\"aio-icon-title ult-responsive\"  data-ultimate-target='#Info-box-wrap-5818 .aio-icon-title'  data-responsive-json-new='{\"font-size\":\"desktop:18px;\",\"line-height\":\"desktop:24px;\"}'  style=\"\">Fabrication de metaux<\/h3><\/div> <!-- header --><div class=\"aio-icon-description ult-responsive\"  data-ultimate-target='#Info-box-wrap-5818 .aio-icon-description'  data-responsive-json-new='{\"font-size\":\"\",\"line-height\":\"\"}'  style=\"\">Caisses de transport et d\u2019empilage, production speciale fa\u00e7onnee ( decoupe, cintrage, assemblage soude ) Produits galvanises a chaud et peints en poudre electrostatique.<\/p>\n<p>Si vous souhaitez nous parler de vos besoins ou exigences specifiques, HMK Demir \u00c7elik peut travailler avec vous sur la conception et la production de panneaux personnalises.<\/p>\n<p>Contactez-nous par email ou par telephone pour discuter.<br \/>\n<\/div> <!-- description --><\/div> <!-- aio-ibd-block --><\/div> <!-- aio-icon-box --><\/div> <!-- aio-icon-component -->[\/vc_column][vc_column width=\u00a0\u00bb1\/3&Prime;]<div class=\"aio-icon-component    style_1\"><div id=\"Info-box-wrap-3624\" class=\"aio-icon-box left-icon\" style=\"\"  ><div class=\"aio-icon-left\"><div class=\"ult-just-icon-wrapper  \"><div class=\"align-icon\" style=\"text-align:center;\">\n<div class=\"aio-icon advanced \"  style=\"color:#64ca02;background:#ffffff;border-style:;border-color:#333333;border-width:1px;width:50px;height:50px;line-height:50px;border-radius:500px;font-size:32px;display:inline-block;\">\n\t<i class=\"fas fa-solar-panel\"><\/i>\n<\/div><\/div><\/div><\/div><div class=\"aio-ibd-block\"><div class=\"aio-icon-header\" ><h3 class=\"aio-icon-title ult-responsive\"  data-ultimate-target='#Info-box-wrap-3624 .aio-icon-title'  data-responsive-json-new='{\"font-size\":\"desktop:18px;\",\"line-height\":\"desktop:24px;\"}'  style=\"\">Systemes d\u2019energie solaire <\/h3><\/div> <!-- header --><div class=\"aio-icon-description ult-responsive\"  data-ultimate-target='#Info-box-wrap-3624 .aio-icon-description'  data-responsive-json-new='{\"font-size\":\"\",\"line-height\":\"\"}'  style=\"\">Systemes d\u2019energie solaire Constructions en acier, equipment de connexion, crochets de toit solaries ( tuile de toit ), equipment de securite de travail sur le toit.<\/div> <!-- description --><\/div> <!-- aio-ibd-block --><\/div> <!-- aio-icon-box --><\/div> <!-- aio-icon-component -->[\/vc_column][vc_column width=\u00a0\u00bb1\/3&Prime;]<div class=\"aio-icon-component    style_1\"><div id=\"Info-box-wrap-8838\" class=\"aio-icon-box left-icon\" style=\"\"  ><div class=\"aio-icon-left\"><div class=\"ult-just-icon-wrapper  \"><div class=\"align-icon\" style=\"text-align:center;\">\n<div class=\"aio-icon advanced \"  style=\"color:#64ca02;background:#ffffff;border-style:;border-color:#333333;border-width:1px;width:50px;height:50px;line-height:50px;border-radius:500px;font-size:32px;display:inline-block;\">\n\t<i class=\"fas fa-road\"><\/i>\n<\/div><\/div><\/div><\/div><div class=\"aio-ibd-block\"><div class=\"aio-icon-header\" ><h3 class=\"aio-icon-title ult-responsive\"  data-ultimate-target='#Info-box-wrap-8838 .aio-icon-title'  data-responsive-json-new='{\"font-size\":\"desktop:18px;\",\"line-height\":\"desktop:24px;\"}'  style=\"\">Securite routiere<\/h3><\/div> <!-- header --><div class=\"aio-icon-description ult-responsive\"  data-ultimate-target='#Info-box-wrap-8838 .aio-icon-description'  data-responsive-json-new='{\"font-size\":\"\",\"line-height\":\"\"}'  style=\"\">Les stabilisateurs de signalisation routiere empechent le vehicule et le conducteur d\u2019etre endommages lors d\u2019accidents qui peuvent survenir en raison de sa structure en plastique au lieu de materiaux dangereux tels que des sacs ou des bordures de trottoir.<\/div> <!-- description --><\/div> <!-- aio-ibd-block --><\/div> <!-- aio-icon-box --><\/div> <!-- aio-icon-component -->[\/vc_column][\/vc_row][vc_row bg_type=\u00a0\u00bbbg_color\u00a0\u00bb bg_override=\u00a0\u00bbex-full\u00a0\u00bb type=\u00a0\u00bbvc_default\u00a0\u00bb bg_color_value=\u00a0\u00bb#0d4364&Prime; el_class=\u00a0\u00bbcustom_form\u00a0\u00bb][vc_column css=\u00a0\u00bb.vc_custom_1474203802731{padding-top: 40px !important;padding-bottom: 40px !important;}\u00a0\u00bb]<div id=\"ultimate-heading-399869edfd97b061d\" class=\"uvc-heading ult-adjust-bottom-margin ultimate-heading-399869edfd97b061d uvc-7923  uvc-heading-default-font-sizes\" data-hspacer=\"no_spacer\"  data-halign=\"center\" style=\"text-align:center\"><div class=\"uvc-heading-spacer no_spacer\" style=\"top\"><\/div><div class=\"uvc-sub-heading ult-responsive\"  data-ultimate-target='.uvc-heading.ultimate-heading-399869edfd97b061d .uvc-sub-heading '  data-responsive-json-new='{\"font-size\":\"desktop:28px;\",\"line-height\":\"desktop:34px;\"}'  style=\"font-family:&#039;Open Sans&#039;;font-weight:300;color:#ffffff;\">Si vous avez besoin d\u2019aide, vous pouvez nous appeler\u00a0<i class=\"fa fa-fw fa-phone-square\" style=\"color: #ffffff;\"><\/i><strong>+90 224 441 19 63<\/strong><\/div><\/div>[\/vc_column][\/vc_row]<\/p>\n<\/div>","protected":false},"excerpt":{"rendered":"<p>[vc_row][vc_column width=\u00a0\u00bb1\/6&Prime;][\/vc_column][vc_column width=\u00a0\u00bb2\/3&Prime;][\/vc_column][vc_column width=\u00a0\u00bb1\/6&Prime;][\/vc_column][\/vc_row][vc_row][vc_column width=\u00a0\u00bb1\/3&Prime;][\/vc_column][vc_column width=\u00a0\u00bb1\/3&Prime;][\/vc_column][vc_column width=\u00a0\u00bb1\/3&Prime;][\/vc_column][\/vc_row][vc_row bg_type=\u00a0\u00bbbg_color\u00a0\u00bb bg_override=\u00a0\u00bbex-full\u00a0\u00bb type=\u00a0\u00bbvc_default\u00a0\u00bb bg_color_value=\u00a0\u00bb#0d4364&Prime; el_class=\u00a0\u00bbcustom_form\u00a0\u00bb][vc_column css=\u00a0\u00bb.vc_custom_1474203802731{padding-top: 40px !important;padding-bottom: 40px !important;}\u00a0\u00bb][\/vc_column][\/vc_row]<\/p>\n","protected":false},"author":1,"featured_media":0,"parent":0,"menu_order":0,"comment_status":"closed","ping_status":"closed","template":"template-microsite.php","meta":{"footnotes":""},"class_list":["post-675","page","type-page","status-publish","hentry","description-off"],"yoast_head":"<!-- This site is optimized with the Yoast SEO plugin v24.7 - https:\/\/yoast.com\/wordpress\/plugins\/seo\/ -->\n<title>Maison - HMK DEM\u0130R \u00c7EL\u0130K<\/title>\n<meta name=\"robots\" content=\"index, follow, max-snippet:-1, max-image-preview:large, max-video-preview:-1\" \/>\n<link rel=\"canonical\" href=\"https:\/\/hmkdemircelik.com\/fr\/\" \/>\n<meta property=\"og:locale\" content=\"fr_FR\" \/>\n<meta property=\"og:type\" content=\"article\" \/>\n<meta property=\"og:title\" content=\"Maison - HMK DEM\u0130R \u00c7EL\u0130K\" \/>\n<meta property=\"og:description\" content=\"[vc_row][vc_column width=\u00a0\u00bb1\/6&Prime;][\/vc_column][vc_column width=\u00a0\u00bb2\/3&Prime;][\/vc_column][vc_column width=\u00a0\u00bb1\/6&Prime;][\/vc_column][\/vc_row][vc_row][vc_column width=\u00a0\u00bb1\/3&Prime;][\/vc_column][vc_column width=\u00a0\u00bb1\/3&Prime;][\/vc_column][vc_column width=\u00a0\u00bb1\/3&Prime;][\/vc_column][\/vc_row][vc_row bg_type=\u00a0\u00bbbg_color\u00a0\u00bb bg_override=\u00a0\u00bbex-full\u00a0\u00bb type=\u00a0\u00bbvc_default\u00a0\u00bb bg_color_value=\u00a0\u00bb#0d4364&Prime; el_class=\u00a0\u00bbcustom_form\u00a0\u00bb][vc_column css=\u00a0\u00bb.vc_custom_1474203802731{padding-top: 40px !important;padding-bottom: 40px !important;}\u00a0\u00bb][\/vc_column][\/vc_row]\" \/>\n<meta property=\"og:url\" content=\"https:\/\/hmkdemircelik.com\/fr\/\" \/>\n<meta property=\"og:site_name\" content=\"HMK DEM\u0130R \u00c7EL\u0130K\" \/>\n<meta property=\"article:modified_time\" content=\"2020-04-29T14:35:18+00:00\" \/>\n<meta name=\"twitter:card\" content=\"summary_large_image\" \/>\n<meta name=\"twitter:label1\" content=\"Dur\u00e9e de lecture estim\u00e9e\" \/>\n\t<meta name=\"twitter:data1\" content=\"2 minutes\" \/>\n<script type=\"application\/ld+json\" class=\"yoast-schema-graph\">{\"@context\":\"https:\/\/schema.org\",\"@graph\":[{\"@type\":\"WebPage\",\"@id\":\"https:\/\/hmkdemircelik.com\/fr\/\",\"url\":\"https:\/\/hmkdemircelik.com\/fr\/\",\"name\":\"Maison - HMK DEM\u0130R \u00c7EL\u0130K\",\"isPartOf\":{\"@id\":\"https:\/\/hmkdemircelik.com\/#website\"},\"datePublished\":\"2016-05-26T10:13:30+00:00\",\"dateModified\":\"2020-04-29T14:35:18+00:00\",\"breadcrumb\":{\"@id\":\"https:\/\/hmkdemircelik.com\/fr\/#breadcrumb\"},\"inLanguage\":\"fr-FR\",\"potentialAction\":[{\"@type\":\"ReadAction\",\"target\":[\"https:\/\/hmkdemircelik.com\/fr\/\"]}]},{\"@type\":\"BreadcrumbList\",\"@id\":\"https:\/\/hmkdemircelik.com\/fr\/#breadcrumb\",\"itemListElement\":[{\"@type\":\"ListItem\",\"position\":1,\"name\":\"Home\",\"item\":\"https:\/\/hmkdemircelik.com\/fr\/\"},{\"@type\":\"ListItem\",\"position\":2,\"name\":\"Maison\"}]},{\"@type\":\"WebSite\",\"@id\":\"https:\/\/hmkdemircelik.com\/#website\",\"url\":\"https:\/\/hmkdemircelik.com\/\",\"name\":\"HMK DEM\u0130R \u00c7EL\u0130K\",\"description\":\"Just another WordPress site\",\"potentialAction\":[{\"@type\":\"SearchAction\",\"target\":{\"@type\":\"EntryPoint\",\"urlTemplate\":\"https:\/\/hmkdemircelik.com\/?s={search_term_string}\"},\"query-input\":{\"@type\":\"PropertyValueSpecification\",\"valueRequired\":true,\"valueName\":\"search_term_string\"}}],\"inLanguage\":\"fr-FR\"}]}<\/script>\n<!-- \/ Yoast SEO plugin. -->","yoast_head_json":{"title":"Maison - HMK DEM\u0130R \u00c7EL\u0130K","robots":{"index":"index","follow":"follow","max-snippet":"max-snippet:-1","max-image-preview":"max-image-preview:large","max-video-preview":"max-video-preview:-1"},"canonical":"https:\/\/hmkdemircelik.com\/fr\/","og_locale":"fr_FR","og_type":"article","og_title":"Maison - HMK DEM\u0130R \u00c7EL\u0130K","og_description":"[vc_row][vc_column width=\u00a0\u00bb1\/6&Prime;][\/vc_column][vc_column width=\u00a0\u00bb2\/3&Prime;][\/vc_column][vc_column width=\u00a0\u00bb1\/6&Prime;][\/vc_column][\/vc_row][vc_row][vc_column width=\u00a0\u00bb1\/3&Prime;][\/vc_column][vc_column width=\u00a0\u00bb1\/3&Prime;][\/vc_column][vc_column width=\u00a0\u00bb1\/3&Prime;][\/vc_column][\/vc_row][vc_row bg_type=\u00a0\u00bbbg_color\u00a0\u00bb bg_override=\u00a0\u00bbex-full\u00a0\u00bb type=\u00a0\u00bbvc_default\u00a0\u00bb bg_color_value=\u00a0\u00bb#0d4364&Prime; el_class=\u00a0\u00bbcustom_form\u00a0\u00bb][vc_column css=\u00a0\u00bb.vc_custom_1474203802731{padding-top: 40px !important;padding-bottom: 40px !important;}\u00a0\u00bb][\/vc_column][\/vc_row]","og_url":"https:\/\/hmkdemircelik.com\/fr\/","og_site_name":"HMK DEM\u0130R \u00c7EL\u0130K","article_modified_time":"2020-04-29T14:35:18+00:00","twitter_card":"summary_large_image","twitter_misc":{"Dur\u00e9e de lecture estim\u00e9e":"2 minutes"},"schema":{"@context":"https:\/\/schema.org","@graph":[{"@type":"WebPage","@id":"https:\/\/hmkdemircelik.com\/fr\/","url":"https:\/\/hmkdemircelik.com\/fr\/","name":"Maison - HMK DEM\u0130R \u00c7EL\u0130K","isPartOf":{"@id":"https:\/\/hmkdemircelik.com\/#website"},"datePublished":"2016-05-26T10:13:30+00:00","dateModified":"2020-04-29T14:35:18+00:00","breadcrumb":{"@id":"https:\/\/hmkdemircelik.com\/fr\/#breadcrumb"},"inLanguage":"fr-FR","potentialAction":[{"@type":"ReadAction","target":["https:\/\/hmkdemircelik.com\/fr\/"]}]},{"@type":"BreadcrumbList","@id":"https:\/\/hmkdemircelik.com\/fr\/#breadcrumb","itemListElement":[{"@type":"ListItem","position":1,"name":"Home","item":"https:\/\/hmkdemircelik.com\/fr\/"},{"@type":"ListItem","position":2,"name":"Maison"}]},{"@type":"WebSite","@id":"https:\/\/hmkdemircelik.com\/#website","url":"https:\/\/hmkdemircelik.com\/","name":"HMK DEM\u0130R \u00c7EL\u0130K","description":"Just another WordPress site","potentialAction":[{"@type":"SearchAction","target":{"@type":"EntryPoint","urlTemplate":"https:\/\/hmkdemircelik.com\/?s={search_term_string}"},"query-input":{"@type":"PropertyValueSpecification","valueRequired":true,"valueName":"search_term_string"}}],"inLanguage":"fr-FR"}]}},"_links":{"self":[{"href":"https:\/\/hmkdemircelik.com\/fr\/wp-json\/wp\/v2\/pages\/675\/"}],"collection":[{"href":"https:\/\/hmkdemircelik.com\/fr\/wp-json\/wp\/v2\/pages\/"}],"about":[{"href":"https:\/\/hmkdemircelik.com\/fr\/wp-json\/wp\/v2\/types\/page\/"}],"author":[{"embeddable":true,"href":"https:\/\/hmkdemircelik.com\/fr\/wp-json\/wp\/v2\/users\/1\/"}],"replies":[{"embeddable":true,"href":"https:\/\/hmkdemircelik.com\/fr\/wp-json\/wp\/v2\/comments\/?post=675"}],"version-history":[{"count":2,"href":"https:\/\/hmkdemircelik.com\/fr\/wp-json\/wp\/v2\/pages\/675\/revisions\/"}],"predecessor-version":[{"id":678,"href":"https:\/\/hmkdemircelik.com\/fr\/wp-json\/wp\/v2\/pages\/675\/revisions\/678\/"}],"wp:attachment":[{"href":"https:\/\/hmkdemircelik.com\/fr\/wp-json\/wp\/v2\/media\/?parent=675"}],"curies":[{"name":"wp","href":"https:\/\/api.w.org\/{rel}","templated":true}]}}